{"id":15614,"date":"2018-01-24T17:46:57","date_gmt":"2018-01-24T16:46:57","guid":{"rendered":"http:\/\/secondotest.finzipasca.com\/product\/cd-per-te\/"},"modified":"2019-12-19T13:55:08","modified_gmt":"2019-12-19T12:55:08","slug":"cd-per-te","status":"publish","type":"product","link":"https:\/\/secondotest.finzipasca.com\/es\/producto\/cd-per-te\/","title":{"rendered":"CD Per te."},"content":{"rendered":"<p>Musica dello spettacolo Per te (2016), composta da Maria Bonzanigo. 22 brani interpretati dagli artisti della Compagnia Finzi Pasca e dall\u2019OSI Orchestra della Svizzera italiana \u2013 produzione RSI Radiotelevione svizzera<br \/>\nCHF\/EUR 20.-<\/p>\n<p>m\u00fasica de Maria Bonzanigo<br \/>\nescrito por Daniele Finzi Pasca<br \/>\npartitura orquestal:<br \/>\nproducci\u00f3n musical de la RSI Radiotelevisione svizzera<br \/>\nejecuci\u00f3n de la Orchestra della Svizzera italiana OSI<br \/>\ndirigida por Kevin Griffiths<br \/>\ningeniero de sonido y mezcla: Wolfgang M\u00fcller<\/p>\n<p>m\u00fasica en vivo interpretada por los artistas del espect\u00e1culo<br \/>\nproducci\u00f3n musical de la Compagnia Finzi Pasca<br \/>\ningeniero de sonido y mezcla: Fabio Lecce<br \/>\ngrabado por JDM Recording Studios (Audio Swiss Consult, Giubiasco \u2013 Suiza)<br \/>\ntechnical assistance: Jonas Macullo<br \/>\nmezcla final y masterizaci\u00f3n de Davy Gallant at Dogger Pond Studio (Drummondville \u2013 Qu\u00e9bec)<br \/>\ntraducci\u00f3n en ingl\u00e9s: Penelope Margaret Glass Mackworth-Praed y Claudia Lafranchi Cattaneo<br \/>\nb\u00fasqueda de financiamiento y editora: Claudia Lafranchi Cattaneo<br \/>\ngr\u00e1fica: Viviana Cangialosi<\/p>\n<p>coordinadores del proyecto: Anna Casari asistencia de Nicol\u00f2 Baggio, Andrea Caruso Saturnino, Marc-Andr\u00e9 Goyer, Pietro Maspero, Marzio Picchetti y Allegra Spernanzoni<\/p>\n<p>impreso por Globalweb SA (Rivera &#8211; Suiza)<\/p>\n","protected":false},"excerpt":{"rendered":"<p>Musica dello spettacolo Per te (2016), composta da Maria Bonzanigo. 22 brani interpretati dagli artisti della Compagnia Finzi Pasca e dall\u2019OSI Orchestra della Svizzera italiana \u2013 produzione RSI Radiotelevione svizzera CHF\/EUR 20.- m\u00fasica de Maria Bonzanigo escrito por Daniele Finzi Pasca partitura orquestal: producci\u00f3n musical de la RSI Radiotelevisione svizzera ejecuci\u00f3n de la Orchestra della Svizzera italiana OSI dirigida por Kevin Griffiths ingeniero de sonido y mezcla: Wolfgang M\u00fcller m\u00fasica en vivo interpretada por los artistas del espect\u00e1culo producci\u00f3n musical de la Compagnia Finzi Pasca ingeniero de sonido y mezcla: Fabio Lecce grabado por JDM Recording Studios (Audio Swiss Consult, Giubiasco \u2013 Suiza) technical assistance: Jonas Macullo mezcla final y masterizaci\u00f3n de Davy Gallant at Dogger Pond Studio (Drummondville \u2013 Qu\u00e9bec) traducci\u00f3n en ingl\u00e9s: Penelope Margaret Glass Mackworth-Praed y Claudia Lafranchi Cattaneo b\u00fasqueda de financiamiento y editora: Claudia Lafranchi Cattaneo gr\u00e1fica: Viviana Cangialosi coordinadores del proyecto: Anna Casari asistencia de Nicol\u00f2 Baggio, Andrea Caruso Saturnino, Marc-Andr\u00e9 Goyer, Pietro Maspero, Marzio Picchetti y Allegra Spernanzoni impreso por Globalweb SA (Rivera &#8211; Suiza)<\/p>\n","protected":false},"featured_media":14129,"template":"","meta":{"_acf_changed":false},"product_cat":[282],"product_tag":[],"acf":[],"_links":{"self":[{"href":"https:\/\/secondotest.finzipasca.com\/es\/wp-json\/wp\/v2\/product\/15614"}],"collection":[{"href":"https:\/\/secondotest.finzipasca.com\/es\/wp-json\/wp\/v2\/product"}],"about":[{"href":"https:\/\/secondotest.finzipasca.com\/es\/wp-json\/wp\/v2\/types\/product"}],"wp:featuredmedia":[{"embeddable":true,"href":"https:\/\/secondotest.finzipasca.com\/es\/wp-json\/wp\/v2\/media\/14129"}],"wp:attachment":[{"href":"https:\/\/secondotest.finzipasca.com\/es\/wp-json\/wp\/v2\/media?parent=15614"}],"wp:term":[{"taxonomy":"product_cat","embeddable":true,"href":"https:\/\/secondotest.finzipasca.com\/es\/wp-json\/wp\/v2\/product_cat?post=15614"},{"taxonomy":"product_tag","embeddable":true,"href":"https:\/\/secondotest.finzipasca.com\/es\/wp-json\/wp\/v2\/product_tag?post=15614"}],"curies":[{"name":"wp","href":"https:\/\/api.w.org\/{rel}","templated":true}]}}