{"id":15626,"date":"2016-12-05T05:00:10","date_gmt":"2016-12-05T04:00:10","guid":{"rendered":"http:\/\/secondotest.finzipasca.com\/product\/billing-program-of-per-te\/"},"modified":"2019-12-19T13:55:23","modified_gmt":"2019-12-19T12:55:23","slug":"programa-de-sala-per-te","status":"publish","type":"product","link":"https:\/\/secondotest.finzipasca.com\/es\/producto\/programa-de-sala-per-te\/","title":{"rendered":"Programa de sala \u201cPer te\u201d"},"content":{"rendered":"<p>Arte visual, fotograf\u00eda y b\u00fasqueda icnogr\u00e1fica: Viviana Cangialosi.<br \/>\nTextos en italiano, ingl\u00e9s, franc\u00e9s y espa\u00f1ol<\/p>\n","protected":false},"excerpt":{"rendered":"<p>Billing Program of \u201cPer te\u201d, written and directed by Daniele Finzi Pasca, produced by Compagnia Finzi Pasca.<\/p>\n","protected":false},"featured_media":14133,"template":"","meta":{"_acf_changed":false},"product_cat":[282],"product_tag":[],"acf":[],"_links":{"self":[{"href":"https:\/\/secondotest.finzipasca.com\/es\/wp-json\/wp\/v2\/product\/15626"}],"collection":[{"href":"https:\/\/secondotest.finzipasca.com\/es\/wp-json\/wp\/v2\/product"}],"about":[{"href":"https:\/\/secondotest.finzipasca.com\/es\/wp-json\/wp\/v2\/types\/product"}],"wp:featuredmedia":[{"embeddable":true,"href":"https:\/\/secondotest.finzipasca.com\/es\/wp-json\/wp\/v2\/media\/14133"}],"wp:attachment":[{"href":"https:\/\/secondotest.finzipasca.com\/es\/wp-json\/wp\/v2\/media?parent=15626"}],"wp:term":[{"taxonomy":"product_cat","embeddable":true,"href":"https:\/\/secondotest.finzipasca.com\/es\/wp-json\/wp\/v2\/product_cat?post=15626"},{"taxonomy":"product_tag","embeddable":true,"href":"https:\/\/secondotest.finzipasca.com\/es\/wp-json\/wp\/v2\/product_tag?post=15626"}],"curies":[{"name":"wp","href":"https:\/\/api.w.org\/{rel}","templated":true}]}}