{"id":15629,"date":"2016-11-22T23:00:53","date_gmt":"2016-11-22T22:00:53","guid":{"rendered":"http:\/\/secondotest.finzipasca.com\/product\/bianco-su-bianco-short-story-by-daniele-finzi-pasca\/"},"modified":"2021-08-03T15:11:45","modified_gmt":"2021-08-03T13:11:45","slug":"bianco-su-bianco-cuento-de-daniele-finzi-pasca","status":"publish","type":"product","link":"https:\/\/secondotest.finzipasca.com\/es\/producto\/bianco-su-bianco-cuento-de-daniele-finzi-pasca\/","title":{"rendered":"Bianco su Bianco: cuento de Daniele Finzi Pasca"},"content":{"rendered":"<p>\u00c9sta es la historia de Ruggero, un ni\u00f1o que tuvo una vida dif\u00edcil desde el comienzo con un pap\u00e1 violento y alcoh\u00f3lico. S\u00f3lo bocas rectas en la vida de Ruggero: \u00e9l no tenia permitido sonre\u00edr. Pero el ni\u00f1o sobrevive gracias al afecto de los amigos, de los vecinos, de un nuevo padre-entrenador y al amor de Elena. Como una r\u00e1faga de viento, la duda y la certeza envuelven a Elena y Ruggero en una tormenta aterradora como emocionante\u2026 como la vida es. Casi doloroso y al mismo tiempo un m\u00e1gico Bildungsroman, del que el autor se inspir\u00f3 para poner en escena el espect\u00e1culo Bianco su Bianco que desde su estreno en Bellinzona, Suiza en 2014 ha sido visto por m\u00e1s de 22,000 espectadores en 5 idiomas.<\/p>\n","protected":false},"excerpt":{"rendered":"<p>A short story by Daniele Finzi Pasca<\/p>\n<p>Compagnia Finzi Pasca Editions<\/p>\n<p>130 pages<\/p>\n<p>ISBN 978-88-941005-1-8<\/p>\n","protected":false},"featured_media":14121,"template":"","meta":{"_acf_changed":false},"product_cat":[282],"product_tag":[],"acf":[],"_links":{"self":[{"href":"https:\/\/secondotest.finzipasca.com\/es\/wp-json\/wp\/v2\/product\/15629"}],"collection":[{"href":"https:\/\/secondotest.finzipasca.com\/es\/wp-json\/wp\/v2\/product"}],"about":[{"href":"https:\/\/secondotest.finzipasca.com\/es\/wp-json\/wp\/v2\/types\/product"}],"wp:featuredmedia":[{"embeddable":true,"href":"https:\/\/secondotest.finzipasca.com\/es\/wp-json\/wp\/v2\/media\/14121"}],"wp:attachment":[{"href":"https:\/\/secondotest.finzipasca.com\/es\/wp-json\/wp\/v2\/media?parent=15629"}],"wp:term":[{"taxonomy":"product_cat","embeddable":true,"href":"https:\/\/secondotest.finzipasca.com\/es\/wp-json\/wp\/v2\/product_cat?post=15629"},{"taxonomy":"product_tag","embeddable":true,"href":"https:\/\/secondotest.finzipasca.com\/es\/wp-json\/wp\/v2\/product_tag?post=15629"}],"curies":[{"name":"wp","href":"https:\/\/api.w.org\/{rel}","templated":true}]}}