{"id":15632,"date":"2016-06-17T11:22:31","date_gmt":"2016-06-17T09:22:31","guid":{"rendered":"http:\/\/secondotest.finzipasca.com\/product\/program-laverita\/"},"modified":"2019-12-19T13:55:30","modified_gmt":"2019-12-19T12:55:30","slug":"programa-de-sala-la-verita","status":"publish","type":"product","link":"https:\/\/secondotest.finzipasca.com\/es\/producto\/programa-de-sala-la-verita\/","title":{"rendered":"Programa de sala \u201cLa Verit\u00e0\u201d"},"content":{"rendered":"<p>Graphic design de Viviana Cangialosi<br \/>\nTextos en italiano, ingl\u00e9s, franc\u00e9s y espa\u00f1ol<\/p>\n","protected":false},"excerpt":{"rendered":"<p>Billing Program of \u201cLa Verit\u00e0\u201d, written and directed by Daniele Finzi Pasca, produced by Compagnia Finzi Pasca<br \/>\nPhoto by Viviana Cangialosi and D\u00e1niel Vass<\/p>\n","protected":false},"featured_media":14157,"template":"","meta":{"_acf_changed":false},"product_cat":[282],"product_tag":[],"acf":[],"_links":{"self":[{"href":"https:\/\/secondotest.finzipasca.com\/es\/wp-json\/wp\/v2\/product\/15632"}],"collection":[{"href":"https:\/\/secondotest.finzipasca.com\/es\/wp-json\/wp\/v2\/product"}],"about":[{"href":"https:\/\/secondotest.finzipasca.com\/es\/wp-json\/wp\/v2\/types\/product"}],"wp:featuredmedia":[{"embeddable":true,"href":"https:\/\/secondotest.finzipasca.com\/es\/wp-json\/wp\/v2\/media\/14157"}],"wp:attachment":[{"href":"https:\/\/secondotest.finzipasca.com\/es\/wp-json\/wp\/v2\/media?parent=15632"}],"wp:term":[{"taxonomy":"product_cat","embeddable":true,"href":"https:\/\/secondotest.finzipasca.com\/es\/wp-json\/wp\/v2\/product_cat?post=15632"},{"taxonomy":"product_tag","embeddable":true,"href":"https:\/\/secondotest.finzipasca.com\/es\/wp-json\/wp\/v2\/product_tag?post=15632"}],"curies":[{"name":"wp","href":"https:\/\/api.w.org\/{rel}","templated":true}]}}