{"id":15635,"date":"2016-02-05T21:00:11","date_gmt":"2016-02-05T20:00:11","guid":{"rendered":"http:\/\/secondotest.finzipasca.com\/product\/program-of-icaro\/"},"modified":"2019-12-19T13:55:33","modified_gmt":"2019-12-19T12:55:33","slug":"programa-de-sala-icaro","status":"publish","type":"product","link":"https:\/\/secondotest.finzipasca.com\/es\/producto\/programa-de-sala-icaro\/","title":{"rendered":"Programa de sala \u201cIcaro\u201d"},"content":{"rendered":"<p>Graphic design de Viviana Cangialosi<\/p>\n<p>Textos en italiano, ingl\u00e9s, franc\u00e9s y espa\u00f1ol<\/p>\n<p>.<\/p>\n","protected":false},"excerpt":{"rendered":"<p>Billing Program of \u201cIcaro\u201d, written and directed by Daniele Finzi Pasca, produced by Compagnia Finzi Pasca<\/p>\n<p>Photo by Fausto Gerevini, Marco Ghidelli, Andrea L\u00f3pez, Val\u00e9rie Remise, Jos\u00e9 Jorge Carreon and Viviana Cangialo<\/p>\n","protected":false},"featured_media":14675,"template":"","meta":{"_acf_changed":false},"product_cat":[282],"product_tag":[],"acf":[],"_links":{"self":[{"href":"https:\/\/secondotest.finzipasca.com\/es\/wp-json\/wp\/v2\/product\/15635"}],"collection":[{"href":"https:\/\/secondotest.finzipasca.com\/es\/wp-json\/wp\/v2\/product"}],"about":[{"href":"https:\/\/secondotest.finzipasca.com\/es\/wp-json\/wp\/v2\/types\/product"}],"wp:featuredmedia":[{"embeddable":true,"href":"https:\/\/secondotest.finzipasca.com\/es\/wp-json\/wp\/v2\/media\/14675"}],"wp:attachment":[{"href":"https:\/\/secondotest.finzipasca.com\/es\/wp-json\/wp\/v2\/media?parent=15635"}],"wp:term":[{"taxonomy":"product_cat","embeddable":true,"href":"https:\/\/secondotest.finzipasca.com\/es\/wp-json\/wp\/v2\/product_cat?post=15635"},{"taxonomy":"product_tag","embeddable":true,"href":"https:\/\/secondotest.finzipasca.com\/es\/wp-json\/wp\/v2\/product_tag?post=15635"}],"curies":[{"name":"wp","href":"https:\/\/api.w.org\/{rel}","templated":true}]}}