{"id":15641,"date":"2015-07-28T21:29:25","date_gmt":"2015-07-28T19:29:25","guid":{"rendered":"http:\/\/secondotest.finzipasca.com\/product\/donka-diary-book-movie-rolando-tarquini\/"},"modified":"2019-12-19T13:55:39","modified_gmt":"2019-12-19T12:55:39","slug":"donka-diario-libro-pelicula-de-rolando-tarquini","status":"publish","type":"product","link":"https:\/\/secondotest.finzipasca.com\/es\/producto\/donka-diario-libro-pelicula-de-rolando-tarquini\/","title":{"rendered":"Donka, diario: Libro + pel\u00edcula de Rolando Tarquini"},"content":{"rendered":"<p>Esto no es un diario real. Saltar entre Italia y Suiza, entre Lugano y Piacenza y Mosc\u00fa y Lausana. Volando sobre M\u00e9xico, Canad\u00e1, Brasil y Uruguay. Es un documento que habla de nuestros viajes y momentos de nuestro juego. Que habla de el encuentro con las palabras importantes que nos acompa\u00f1an todos los d\u00edas. Es un diario sino tambi\u00e9n una novela y tambien una ayuda para aquellos que quieren entender lo que es el teatro para nosotros. Se puede ler como una aventura, sino como un peque\u00f1o manual. La informaci\u00f3n, las historias, los t\u00e9rminos recogidos, son de creaci\u00f3n y de los viajes de la gira internacional del espect\u00e1culo &#8220;Donka, una carta a Checkov&#8221;, de Daniele Finzi Pasca y entretejido con personajes reales y no, volando sobre teatros y plazas, bares y bibliotecas, hoteles y trenes, encuentran satisfacer la imaginaci\u00f3n de los participantes actores y t\u00e9cnicos, la gente com\u00fan, los personajes oficiales, narradores, masters. Asociado con el libro hay una pel\u00edcula que cuenta momentos de entrenamiento en los teatros que visitamos.<\/p>\n<p>(Rolando Tarquini, actor de la Compa\u00f1\u00eda Finzi Pasca)<\/p>\n","protected":false},"excerpt":{"rendered":"<p>A book accompanied by video images of Rolando Tarquini<br \/>\n92 pages + 35 minutes of video<\/p>\n<p><strong>Only available by internet download<\/strong><\/p>\n<p><strong>The book is available only in Italian.<\/strong><\/p>\n","protected":false},"featured_media":14149,"template":"","meta":{"_acf_changed":false},"product_cat":[282],"product_tag":[],"acf":[],"_links":{"self":[{"href":"https:\/\/secondotest.finzipasca.com\/es\/wp-json\/wp\/v2\/product\/15641"}],"collection":[{"href":"https:\/\/secondotest.finzipasca.com\/es\/wp-json\/wp\/v2\/product"}],"about":[{"href":"https:\/\/secondotest.finzipasca.com\/es\/wp-json\/wp\/v2\/types\/product"}],"wp:featuredmedia":[{"embeddable":true,"href":"https:\/\/secondotest.finzipasca.com\/es\/wp-json\/wp\/v2\/media\/14149"}],"wp:attachment":[{"href":"https:\/\/secondotest.finzipasca.com\/es\/wp-json\/wp\/v2\/media?parent=15641"}],"wp:term":[{"taxonomy":"product_cat","embeddable":true,"href":"https:\/\/secondotest.finzipasca.com\/es\/wp-json\/wp\/v2\/product_cat?post=15641"},{"taxonomy":"product_tag","embeddable":true,"href":"https:\/\/secondotest.finzipasca.com\/es\/wp-json\/wp\/v2\/product_tag?post=15641"}],"curies":[{"name":"wp","href":"https:\/\/api.w.org\/{rel}","templated":true}]}}