{"id":15664,"date":"2013-09-19T17:01:23","date_gmt":"2013-09-19T15:01:23","guid":{"rendered":"http:\/\/secondotest.finzipasca.com\/product\/cd-la-verita\/"},"modified":"2019-12-19T13:55:59","modified_gmt":"2019-12-19T12:55:59","slug":"cd-la-verita","status":"publish","type":"product","link":"https:\/\/secondotest.finzipasca.com\/es\/producto\/cd-la-verita\/","title":{"rendered":"CD La Verit\u00e0"},"content":{"rendered":"<div class=\"compact_audio_player_wrapper\"><div class=\"sc_player_container1\"><input type=\"button\" id=\"btnplay_69dccd0b85b452.73241073\" class=\"myButton_play\" onClick=\"play_mp3('play','69dccd0b85b452.73241073','http:\/\/secondotest.finzipasca.com\/wp-content\/uploads\/mp3\/Varieta-Verita.mp3','80','false');show_hide('play','69dccd0b85b452.73241073');\" \/><input type=\"button\"  id=\"btnstop_69dccd0b85b452.73241073\" style=\"display:none\" class=\"myButton_stop\" onClick=\"play_mp3('stop','69dccd0b85b452.73241073','','80','false');show_hide('stop','69dccd0b85b452.73241073');\" \/><div id=\"sm2-container\"><!-- flash movie ends up here --><\/div><\/div><\/div> Variet\u00e0 Verit\u00e0<\/p>\n<div class=\"compact_audio_player_wrapper\"><div class=\"sc_player_container1\"><input type=\"button\" id=\"btnplay_69dccd0b862732.99434931\" class=\"myButton_play\" onClick=\"play_mp3('play','69dccd0b862732.99434931','http:\/\/secondotest.finzipasca.com\/wp-content\/uploads\/mp3\/I%20Menestrelli%20Stelle%20ne%20Miri%20I.mp3','80','false');show_hide('play','69dccd0b862732.99434931');\" \/><input type=\"button\"  id=\"btnstop_69dccd0b862732.99434931\" style=\"display:none\" class=\"myButton_stop\" onClick=\"play_mp3('stop','69dccd0b862732.99434931','','80','false');show_hide('stop','69dccd0b862732.99434931');\" \/><div id=\"sm2-container\"><!-- flash movie ends up here --><\/div><\/div><\/div> I Menestrelli &#8211; Stelle ne Miri &#8211; I<\/p>\n<div class=\"compact_audio_player_wrapper\"><div class=\"sc_player_container1\"><input type=\"button\" id=\"btnplay_69dccd0b868ea2.03707793\" class=\"myButton_play\" onClick=\"play_mp3('play','69dccd0b868ea2.03707793','http:\/\/secondotest.finzipasca.com\/wp-content\/uploads\/mp3\/Nac%20Nac%20Varieta.mp3','80','false');show_hide('play','69dccd0b868ea2.03707793');\" \/><input type=\"button\"  id=\"btnstop_69dccd0b868ea2.03707793\" style=\"display:none\" class=\"myButton_stop\" onClick=\"play_mp3('stop','69dccd0b868ea2.03707793','','80','false');show_hide('stop','69dccd0b868ea2.03707793');\" \/><div id=\"sm2-container\"><!-- flash movie ends up here --><\/div><\/div><\/div> Nac Nac Variet\u00e0<\/p>\n<div class=\"compact_audio_player_wrapper\"><div class=\"sc_player_container1\"><input type=\"button\" id=\"btnplay_69dccd0b86ec91.30952830\" class=\"myButton_play\" onClick=\"play_mp3('play','69dccd0b86ec91.30952830','http:\/\/secondotest.finzipasca.com\/wp-content\/uploads\/mp3\/Agnus%20Dei%20II.mp3','80','false');show_hide('play','69dccd0b86ec91.30952830');\" \/><input type=\"button\"  id=\"btnstop_69dccd0b86ec91.30952830\" style=\"display:none\" class=\"myButton_stop\" onClick=\"play_mp3('stop','69dccd0b86ec91.30952830','','80','false');show_hide('stop','69dccd0b86ec91.30952830');\" \/><div id=\"sm2-container\"><!-- flash movie ends up here --><\/div><\/div><\/div> Agnus Dei II<\/p>\n<p>&nbsp;<\/p>\n<p>M&uacute;sica de Maria Bonzanigo<br \/>\nEscrito por Daniele Finzi Pasca<\/p>\n<p>Producido por Maria Bonzanigo y Davy Gallant<\/p>\n<p>Partitura orquestal:<br \/>\nProducci&oacute;n musical de la RSI Radiotelevisione svizzera<br \/>\nEjecuci&oacute;n de la Orchestra della Svizzera italiana OSI<br \/>\ndirigida por Philippe Bach<br \/>\ncon la participaci&oacute;n de la mezzosoprano Yi Ping Li<br \/>\ningeniero de sonido y mezcla Manuel Veronesi<\/p>\n<p>m&uacute;sica en vivo interpretada por los artistas del espect&aacute;culo<br \/>\nproducci&oacute;n musical de la Compagnia Finzi Pasca<br \/>\ningeniero de sonido Davy Gallant grabado por Studio King, Greenfield Park, QC<br \/>\nasistencia de Paul Campagne y al Dogger Pond Studio, Drummondville, QC<br \/>\ningeniero de sonido, fectos y mezcla Davy Gallant asistencia de Paul Campagne<br \/>\nel arpa de cristal fue grabado en la Place des Arts, Montr&eacute;al, QC<\/p>\n<p>el arpa de cristal fue creado por Robert Tiso<\/p>\n<p>mezcla final y masterizaci&oacute;n de Davy Gallant en Dogger Pond Studio, Drummondville, QC<\/p>\n<p>coordinadores del proyecto:<br \/>\nMarc Andr&eacute; Goyer, Anna Locatelli e Tanja Stojanovic Dise&ntilde;adora<\/p>\n<p>gr&aacute;fica Viviana Cangialosi<\/p>\n","protected":false},"excerpt":{"rendered":"<p>Variet\u00e0 Verit\u00e0 I Menestrelli &#8211; Stelle ne Miri &#8211; I Nac Nac Variet\u00e0 Agnus Dei II &nbsp; M&uacute;sica de Maria Bonzanigo Escrito por Daniele Finzi Pasca Producido por Maria Bonzanigo y Davy Gallant Partitura orquestal: Producci&oacute;n musical de la RSI Radiotelevisione svizzera Ejecuci&oacute;n de la Orchestra della Svizzera italiana OSI dirigida por Philippe Bach con la participaci&oacute;n de la mezzosoprano Yi Ping Li ingeniero de sonido y mezcla Manuel Veronesi m&uacute;sica en vivo interpretada por los artistas del espect&aacute;culo producci&oacute;n musical de la Compagnia Finzi Pasca ingeniero de sonido Davy Gallant grabado por Studio King, Greenfield Park, QC asistencia de Paul Campagne y al Dogger Pond Studio, Drummondville, QC ingeniero de sonido, fectos y mezcla Davy Gallant asistencia de Paul Campagne el arpa de cristal fue grabado en la Place des Arts, Montr&eacute;al, QC el arpa de cristal fue creado por Robert Tiso mezcla final y masterizaci&oacute;n de Davy Gallant en Dogger Pond Studio, Drummondville, QC coordinadores del proyecto: Marc Andr&eacute; Goyer, Anna Locatelli e Tanja Stojanovic Dise&ntilde;adora gr&aacute;fica Viviana Cangialosi<\/p>\n","protected":false},"featured_media":14137,"template":"","meta":{"_acf_changed":false},"product_cat":[282],"product_tag":[],"acf":[],"_links":{"self":[{"href":"https:\/\/secondotest.finzipasca.com\/es\/wp-json\/wp\/v2\/product\/15664"}],"collection":[{"href":"https:\/\/secondotest.finzipasca.com\/es\/wp-json\/wp\/v2\/product"}],"about":[{"href":"https:\/\/secondotest.finzipasca.com\/es\/wp-json\/wp\/v2\/types\/product"}],"wp:featuredmedia":[{"embeddable":true,"href":"https:\/\/secondotest.finzipasca.com\/es\/wp-json\/wp\/v2\/media\/14137"}],"wp:attachment":[{"href":"https:\/\/secondotest.finzipasca.com\/es\/wp-json\/wp\/v2\/media?parent=15664"}],"wp:term":[{"taxonomy":"product_cat","embeddable":true,"href":"https:\/\/secondotest.finzipasca.com\/es\/wp-json\/wp\/v2\/product_cat?post=15664"},{"taxonomy":"product_tag","embeddable":true,"href":"https:\/\/secondotest.finzipasca.com\/es\/wp-json\/wp\/v2\/product_tag?post=15664"}],"curies":[{"name":"wp","href":"https:\/\/api.w.org\/{rel}","templated":true}]}}