{"id":15682,"date":"2013-02-19T08:49:04","date_gmt":"2013-02-19T07:49:04","guid":{"rendered":"http:\/\/secondotest.finzipasca.com\/product\/theatre-of-the-caress-book\/"},"modified":"2019-12-19T13:56:17","modified_gmt":"2019-12-19T12:56:17","slug":"teatro-de-la-caricia-libro","status":"publish","type":"product","link":"https:\/\/secondotest.finzipasca.com\/es\/producto\/teatro-de-la-caricia-libro\/","title":{"rendered":"Teatro de la caricia &#8211; Libro"},"content":{"rendered":"<p>Un libro de Facundo Ponce de Leon<br \/>\nEdicion Compagnia Finzi Pasca<\/p>\n<p>\u00abEste libro es el resultado de una serie de conversaciones con Daniele Finzi Pasca realizadas en Magadino. Parten de una idea de Julie Hamelin. He intentado mantener el esp\u00edritu de los encuentros, preguntas y respuestas que vuelven una y otra vez sobre las mismas cuestiones: la vida, el clown, el escenario. Un viaje circular. Un intento por espiar en la cocina de un creador. Daniele es guardi\u00e1n del misterio, no para esconderlo sino para contarlo a trav\u00e9s de peque\u00f1as historias, de proezas min\u00fasculas de guerreros solitarios, de h\u00e9roes perdedores.\u00bb<br \/>\n<em>Facundo Ponce de Le\u00f3n.<\/em><\/p>\n<p>136 pages<br \/>\nISBN: 978-9974-96-942-1<\/p>\n","protected":false},"excerpt":{"rendered":"<p>Un libro de Facundo Ponce de Leon Edicion Compagnia Finzi Pasca \u00abEste libro es el resultado de una serie de conversaciones con Daniele Finzi Pasca realizadas en Magadino. Parten de una idea de Julie Hamelin. He intentado mantener el esp\u00edritu de los encuentros, preguntas y respuestas que vuelven una y otra vez sobre las mismas cuestiones: la vida, el clown, el escenario. Un viaje circular. Un intento por espiar en la cocina de un creador. Daniele es guardi\u00e1n del misterio, no para esconderlo sino para contarlo a trav\u00e9s de peque\u00f1as historias, de proezas min\u00fasculas de guerreros solitarios, de h\u00e9roes perdedores.\u00bb Facundo Ponce de Le\u00f3n. 136 pages ISBN: 978-9974-96-942-1<\/p>\n","protected":false},"featured_media":14205,"template":"","meta":{"_acf_changed":false},"product_cat":[282],"product_tag":[],"acf":[],"_links":{"self":[{"href":"https:\/\/secondotest.finzipasca.com\/es\/wp-json\/wp\/v2\/product\/15682"}],"collection":[{"href":"https:\/\/secondotest.finzipasca.com\/es\/wp-json\/wp\/v2\/product"}],"about":[{"href":"https:\/\/secondotest.finzipasca.com\/es\/wp-json\/wp\/v2\/types\/product"}],"wp:featuredmedia":[{"embeddable":true,"href":"https:\/\/secondotest.finzipasca.com\/es\/wp-json\/wp\/v2\/media\/14205"}],"wp:attachment":[{"href":"https:\/\/secondotest.finzipasca.com\/es\/wp-json\/wp\/v2\/media?parent=15682"}],"wp:term":[{"taxonomy":"product_cat","embeddable":true,"href":"https:\/\/secondotest.finzipasca.com\/es\/wp-json\/wp\/v2\/product_cat?post=15682"},{"taxonomy":"product_tag","embeddable":true,"href":"https:\/\/secondotest.finzipasca.com\/es\/wp-json\/wp\/v2\/product_tag?post=15682"}],"curies":[{"name":"wp","href":"https:\/\/api.w.org\/{rel}","templated":true}]}}