{"id":15688,"date":"2013-02-19T08:05:41","date_gmt":"2013-02-19T07:05:41","guid":{"rendered":"http:\/\/secondotest.finzipasca.com\/product\/unbelgiocare-dvd\/"},"modified":"2019-12-19T13:56:17","modified_gmt":"2019-12-19T12:56:17","slug":"unbelgiocare-dvd","status":"publish","type":"product","link":"https:\/\/secondotest.finzipasca.com\/es\/producto\/unbelgiocare-dvd\/","title":{"rendered":"Unbelgiocare DVD"},"content":{"rendered":"<p>Un documental de Mohammed Soudani<br \/>\nM\u00fasica: Mar\u00eda Bonzanigo<br \/>\nMontage: Giorgio Garini<br \/>\nSonido y mezcla: Roberto Leuzinger<br \/>\nproducci\u00f3n: Amka Films en coproducci\u00f3n con RSI Radiotelevisi\u00f3n Suiza<\/p>\n<p>El DVD en Italiano y en otros idiomas. Hay dos versiones disponibles: una con subt\u00edtulos en italiano y otra con subt\u00edtulos en ingl\u00e9s.<\/p>\n<p>Desde Canad\u00e1 a Europa y Am\u00e9rica, el documental &#8220;unbelgiocare&#8221; te trasporta detr\u00e1s  de las escenas de Icaro, Rain, Nebbia, Donka descubriendo la profunda humanidad e incre\u00edble magia de Daniele Finzi Pasca. Mi viaje es un viaje de 360 grados en compa\u00f1\u00eda de una persona extraordinaria que definisco &#8220;el mas grande fabricante de sue\u00f1os al mundo&#8221;<\/p>\n<p>Mohammed Soudani <\/p>\n","protected":false},"excerpt":{"rendered":"<p>Un documental de Mohammed Soudani M\u00fasica: Mar\u00eda Bonzanigo Montage: Giorgio Garini Sonido y mezcla: Roberto Leuzinger producci\u00f3n: Amka Films en coproducci\u00f3n con RSI Radiotelevisi\u00f3n Suiza El DVD en Italiano y en otros idiomas. Hay dos versiones disponibles: una con subt\u00edtulos en italiano y otra con subt\u00edtulos en ingl\u00e9s. Desde Canad\u00e1 a Europa y Am\u00e9rica, el documental &#8220;unbelgiocare&#8221; te trasporta detr\u00e1s de las escenas de Icaro, Rain, Nebbia, Donka descubriendo la profunda humanidad e incre\u00edble magia de Daniele Finzi Pasca. Mi viaje es un viaje de 360 grados en compa\u00f1\u00eda de una persona extraordinaria que definisco &#8220;el mas grande fabricante de sue\u00f1os al mundo&#8221; Mohammed Soudani<\/p>\n","protected":false},"featured_media":14225,"template":"","meta":{"_acf_changed":false},"product_cat":[282],"product_tag":[],"acf":[],"_links":{"self":[{"href":"https:\/\/secondotest.finzipasca.com\/es\/wp-json\/wp\/v2\/product\/15688"}],"collection":[{"href":"https:\/\/secondotest.finzipasca.com\/es\/wp-json\/wp\/v2\/product"}],"about":[{"href":"https:\/\/secondotest.finzipasca.com\/es\/wp-json\/wp\/v2\/types\/product"}],"wp:featuredmedia":[{"embeddable":true,"href":"https:\/\/secondotest.finzipasca.com\/es\/wp-json\/wp\/v2\/media\/14225"}],"wp:attachment":[{"href":"https:\/\/secondotest.finzipasca.com\/es\/wp-json\/wp\/v2\/media?parent=15688"}],"wp:term":[{"taxonomy":"product_cat","embeddable":true,"href":"https:\/\/secondotest.finzipasca.com\/es\/wp-json\/wp\/v2\/product_cat?post=15688"},{"taxonomy":"product_tag","embeddable":true,"href":"https:\/\/secondotest.finzipasca.com\/es\/wp-json\/wp\/v2\/product_tag?post=15688"}],"curies":[{"name":"wp","href":"https:\/\/api.w.org\/{rel}","templated":true}]}}