{"id":15612,"date":"2018-01-24T17:46:57","date_gmt":"2018-01-24T16:46:57","guid":{"rendered":"http:\/\/secondotest.finzipasca.com\/product\/cd-per-te\/"},"modified":"2019-12-19T13:55:04","modified_gmt":"2019-12-19T12:55:04","slug":"cd-per-te","status":"publish","type":"product","link":"https:\/\/secondotest.finzipasca.com\/fr\/produit\/cd-per-te\/","title":{"rendered":"CD Per te."},"content":{"rendered":"<p>Musica dello spettacolo Per te (2016), composta da Maria Bonzanigo. 22 brani interpretati dagli artisti della Compagnia Finzi Pasca e dall\u2019OSI Orchestra della Svizzera italiana \u2013 produzione RSI Radiotelevione svizzera<br \/>\nCHF\/EUR 20.-<\/p>\n<p>musiques par Maria Bonzanigo<br \/>\nparoles par Daniele Finzi Pasca<\/p>\n<p>Orchestration :<br \/>\nproduction musicale par RSI Radiotelevisione svizzera<br \/>\ninterpr\u00e9t\u00e9e par l\u2019Orchestra della Svizzera Italiana OSI<br \/>\ndirig\u00e9e par Kevin Griffiths<br \/>\ning\u00e9nieur du son et mixage: Wolfgang M\u00fcller<\/p>\n<p>musique en direct r\u00e9alis\u00e9e par les artistes du spectacle<br \/>\nproduction musicale par Compagnia Finzi Pasca<br \/>\ning\u00e9nieur du son et mixage: Fabio Lecce<br \/>\nenregistr\u00e9 au JDM Recording Studios (Audio Swiss Consult, Giubiasco &#8211; Suisse)<br \/>\nassistance technique: Jonas Macullo<br \/>\nmastering par Davy Gallant at Dogger Pond Studio (Drummondville \u2013 Qu\u00e9bec)<br \/>\ntraduction anglaise: Penelope Margaret Glass Mackworth-Praed et Claudia Lafranchi Cattaneo<br \/>\nrecherche de financement et \u00e9diteur : Claudia Lafranchi Cattaneo<br \/>\nconception graphique : Viviana Cangialosi<\/p>\n<p>Charg\u00e9e de projet\u00a0: Anna Casari assist\u00e9 par Nicol\u00f2 Baggio, Andrea Caruso Saturnino, Marc-Andr\u00e9 Goyer, Pietro Maspero, Marzio Picchetti et Allegra Spernanzoni<\/p>\n<p>imprim\u00e9 par Globalweb SA (Rivera &#8211; Suisse)<\/p>\n","protected":false},"excerpt":{"rendered":"<p>Musica dello spettacolo Per te (2016), composta da Maria Bonzanigo. 22 brani interpretati dagli artisti della Compagnia Finzi Pasca e dall\u2019OSI Orchestra della Svizzera italiana \u2013 produzione RSI Radiotelevione svizzera CHF\/EUR 20.- musiques par Maria Bonzanigo paroles par Daniele Finzi Pasca Orchestration : production musicale par RSI Radiotelevisione svizzera interpr\u00e9t\u00e9e par l\u2019Orchestra della Svizzera Italiana OSI dirig\u00e9e par Kevin Griffiths ing\u00e9nieur du son et mixage: Wolfgang M\u00fcller musique en direct r\u00e9alis\u00e9e par les artistes du spectacle production musicale par Compagnia Finzi Pasca ing\u00e9nieur du son et mixage: Fabio Lecce enregistr\u00e9 au JDM Recording Studios (Audio Swiss Consult, Giubiasco &#8211; Suisse) assistance technique: Jonas Macullo mastering par Davy Gallant at Dogger Pond Studio (Drummondville \u2013 Qu\u00e9bec) traduction anglaise: Penelope Margaret Glass Mackworth-Praed et Claudia Lafranchi Cattaneo recherche de financement et \u00e9diteur : Claudia Lafranchi Cattaneo conception graphique : Viviana Cangialosi Charg\u00e9e de projet\u00a0: Anna Casari assist\u00e9 par Nicol\u00f2 Baggio, Andrea Caruso Saturnino, Marc-Andr\u00e9 Goyer, Pietro Maspero, Marzio Picchetti et Allegra Spernanzoni imprim\u00e9 par Globalweb SA (Rivera &#8211; Suisse)<\/p>\n","protected":false},"featured_media":14127,"template":"","meta":{"_acf_changed":false},"product_cat":[280],"product_tag":[],"acf":[],"_links":{"self":[{"href":"https:\/\/secondotest.finzipasca.com\/fr\/wp-json\/wp\/v2\/product\/15612"}],"collection":[{"href":"https:\/\/secondotest.finzipasca.com\/fr\/wp-json\/wp\/v2\/product"}],"about":[{"href":"https:\/\/secondotest.finzipasca.com\/fr\/wp-json\/wp\/v2\/types\/product"}],"wp:featuredmedia":[{"embeddable":true,"href":"https:\/\/secondotest.finzipasca.com\/fr\/wp-json\/wp\/v2\/media\/14127"}],"wp:attachment":[{"href":"https:\/\/secondotest.finzipasca.com\/fr\/wp-json\/wp\/v2\/media?parent=15612"}],"wp:term":[{"taxonomy":"product_cat","embeddable":true,"href":"https:\/\/secondotest.finzipasca.com\/fr\/wp-json\/wp\/v2\/product_cat?post=15612"},{"taxonomy":"product_tag","embeddable":true,"href":"https:\/\/secondotest.finzipasca.com\/fr\/wp-json\/wp\/v2\/product_tag?post=15612"}],"curies":[{"name":"wp","href":"https:\/\/api.w.org\/{rel}","templated":true}]}}