{"id":15639,"date":"2015-07-28T21:29:25","date_gmt":"2015-07-28T19:29:25","guid":{"rendered":"http:\/\/secondotest.finzipasca.com\/product\/donka-diary-book-movie-rolando-tarquini\/"},"modified":"2019-12-19T13:55:41","modified_gmt":"2019-12-19T12:55:41","slug":"donka-journal-livre-film-par-rolando-tarquini","status":"publish","type":"product","link":"https:\/\/secondotest.finzipasca.com\/fr\/produit\/donka-journal-livre-film-par-rolando-tarquini\/","title":{"rendered":"Donka, journal: Livre + film par Rolando Tarquini"},"content":{"rendered":"<p>Ce ne est pas un vrai journal. Aller entre l&#8217;Italie et la Suisse, entre Lugano et Piacenza et Moscou et Lausanne. Survolant le Mexique, le Canada, le Br\u00e9sil et l&#8217;Uruguay. Ce est un document qui parle de nos voyages et les moments de notre jeu. Rencontrer mots importants qui nous accompagnent tous les jours. Et &#8216;on a \u00e9crit une histoire qui veut \u00eatre dans la forme d&#8217;un journal, mais aussi une aide \u00e0 ceux qui veulent comprendre ce que le th\u00e9\u00e2tre pour nous. Pour \u00eatre lu comme une aventure, mais de garder aussi un petit manuel. Les informations, les histoires, les termes recueillis, sont de la cr\u00e9ation et des voyages du Tour international du spectacle &#8220;Donka, une lettre \u00e0 Tchekhov,&#8221; par Daniele Finzi Pasca et entrelac\u00e9e avec des personnages r\u00e9els, et non, en survolant les th\u00e9\u00e2tres et les places, les bars et les biblioth\u00e8ques, les h\u00f4tels et les trains, rencontrer l&#8217;imagination des participants acteurs et techniciens, les gens ordinaires, les personnages officiels, narrateurs, les ma\u00eetres. Associ\u00e9 avec le livre il ya un film qui raconte une s\u00e9ance d&#8217;entra\u00eenement dans les nous avons visit\u00e9.<\/p>\n<p>(Rolando Tarquini, acteur de la Compagnie Finzi Pasca)<\/p>\n","protected":false},"excerpt":{"rendered":"<p>A book accompanied by video images of Rolando Tarquini<br \/>\n92 pages + 35 minutes of video<\/p>\n<p><strong>Only available by internet download<\/strong><\/p>\n<p><strong>The book is available only in Italian.<\/strong><\/p>\n","protected":false},"featured_media":14147,"template":"","meta":{"_acf_changed":false},"product_cat":[280],"product_tag":[],"acf":[],"_links":{"self":[{"href":"https:\/\/secondotest.finzipasca.com\/fr\/wp-json\/wp\/v2\/product\/15639"}],"collection":[{"href":"https:\/\/secondotest.finzipasca.com\/fr\/wp-json\/wp\/v2\/product"}],"about":[{"href":"https:\/\/secondotest.finzipasca.com\/fr\/wp-json\/wp\/v2\/types\/product"}],"wp:featuredmedia":[{"embeddable":true,"href":"https:\/\/secondotest.finzipasca.com\/fr\/wp-json\/wp\/v2\/media\/14147"}],"wp:attachment":[{"href":"https:\/\/secondotest.finzipasca.com\/fr\/wp-json\/wp\/v2\/media?parent=15639"}],"wp:term":[{"taxonomy":"product_cat","embeddable":true,"href":"https:\/\/secondotest.finzipasca.com\/fr\/wp-json\/wp\/v2\/product_cat?post=15639"},{"taxonomy":"product_tag","embeddable":true,"href":"https:\/\/secondotest.finzipasca.com\/fr\/wp-json\/wp\/v2\/product_tag?post=15639"}],"curies":[{"name":"wp","href":"https:\/\/api.w.org\/{rel}","templated":true}]}}