{"id":15647,"date":"2014-11-03T17:39:09","date_gmt":"2014-11-03T16:39:09","guid":{"rendered":"http:\/\/secondotest.finzipasca.com\/product\/nuda-book-by-daniele-finzi-pasca-3\/"},"modified":"2021-08-03T15:13:46","modified_gmt":"2021-08-03T13:13:46","slug":"nuda-livre-par-daniele-finzi-pasca","status":"publish","type":"product","link":"https:\/\/secondotest.finzipasca.com\/fr\/produit\/nuda-livre-par-daniele-finzi-pasca\/","title":{"rendered":"Nuda: Livre par Daniele Finzi Pasca"},"content":{"rendered":"<p>Nuda est l&#8217;histoire de deux soeursjumelles diff\u00e9rentes, \u00e9lues par la nature pour \u00eatre \u00e0 la fois profond\u00e9ment distantes et \u00e0 la fois unies par des liens merveilleux que la vie cr\u00e9ent parfois, li\u00e9es indissolublement. Autour du &#8220;je narrateur et \u00e0 sa jumelle Anna, tourne par la suite un monde de personnages \u00e9tranges, originaux et boug\u00e9s, dans un kal\u00e9idoscope qui ne fait que retirer la vie de chacun de nous, dans un arch\u00e9type \u00e9ternellement r\u00e9p\u00e9titif. Nuda court ainsi une page \u00e0 la suite d&#8221;une autre, entre les larmes et les rires.<\/p>\n","protected":false},"excerpt":{"rendered":"<p>Nuda<br \/>\nA book by Daniele Finzi Pasca<br \/>\nAbendstern Editions<br \/>\n143 pages<\/p>\n<p>ISBN 9788890770920<\/p>\n","protected":false},"featured_media":14179,"template":"","meta":{"_acf_changed":false},"product_cat":[280],"product_tag":[],"acf":[],"_links":{"self":[{"href":"https:\/\/secondotest.finzipasca.com\/fr\/wp-json\/wp\/v2\/product\/15647"}],"collection":[{"href":"https:\/\/secondotest.finzipasca.com\/fr\/wp-json\/wp\/v2\/product"}],"about":[{"href":"https:\/\/secondotest.finzipasca.com\/fr\/wp-json\/wp\/v2\/types\/product"}],"wp:featuredmedia":[{"embeddable":true,"href":"https:\/\/secondotest.finzipasca.com\/fr\/wp-json\/wp\/v2\/media\/14179"}],"wp:attachment":[{"href":"https:\/\/secondotest.finzipasca.com\/fr\/wp-json\/wp\/v2\/media?parent=15647"}],"wp:term":[{"taxonomy":"product_cat","embeddable":true,"href":"https:\/\/secondotest.finzipasca.com\/fr\/wp-json\/wp\/v2\/product_cat?post=15647"},{"taxonomy":"product_tag","embeddable":true,"href":"https:\/\/secondotest.finzipasca.com\/fr\/wp-json\/wp\/v2\/product_tag?post=15647"}],"curies":[{"name":"wp","href":"https:\/\/api.w.org\/{rel}","templated":true}]}}