{"id":15654,"date":"2014-10-29T22:55:54","date_gmt":"2014-10-29T21:55:54","guid":{"rendered":"http:\/\/secondotest.finzipasca.com\/product\/billing-program-of-bianco-su-bianco\/"},"modified":"2019-12-19T13:55:54","modified_gmt":"2019-12-19T12:55:54","slug":"programme-de-salle-de-bianco-su-bianco","status":"publish","type":"product","link":"https:\/\/secondotest.finzipasca.com\/fr\/produit\/programme-de-salle-de-bianco-su-bianco\/","title":{"rendered":"Programme de salle de Bianco su Bianco"},"content":{"rendered":"<p>Photo: \u00a9 Viviana Cangialosi<br \/>\nImpostation de page et layout de Viviana Cangialosi <\/p>\n<p>Textes: italien, anglais, fran\u00e7ais, espagnol.<\/p>\n","protected":false},"excerpt":{"rendered":"<p>Bianco su Bianco<br \/>\nBilling Program of Bianco su Bianco, written and directed by Daniele Finzi Pasca, produced by Compagnia Finzi Pasca and Teatro Sociale Bellinzona &#8211; Bellinzona Teatro, la Maison de la culture de Nevers et de la Ni\u00e8vre y L&#039;Odyss\u00e9e, sc\u00e8ne conventionn\u00e9e de P\u00e9rigueux.<\/p>\n","protected":false},"featured_media":14187,"template":"","meta":{"_acf_changed":false},"product_cat":[280],"product_tag":[],"acf":[],"_links":{"self":[{"href":"https:\/\/secondotest.finzipasca.com\/fr\/wp-json\/wp\/v2\/product\/15654"}],"collection":[{"href":"https:\/\/secondotest.finzipasca.com\/fr\/wp-json\/wp\/v2\/product"}],"about":[{"href":"https:\/\/secondotest.finzipasca.com\/fr\/wp-json\/wp\/v2\/types\/product"}],"wp:featuredmedia":[{"embeddable":true,"href":"https:\/\/secondotest.finzipasca.com\/fr\/wp-json\/wp\/v2\/media\/14187"}],"wp:attachment":[{"href":"https:\/\/secondotest.finzipasca.com\/fr\/wp-json\/wp\/v2\/media?parent=15654"}],"wp:term":[{"taxonomy":"product_cat","embeddable":true,"href":"https:\/\/secondotest.finzipasca.com\/fr\/wp-json\/wp\/v2\/product_cat?post=15654"},{"taxonomy":"product_tag","embeddable":true,"href":"https:\/\/secondotest.finzipasca.com\/fr\/wp-json\/wp\/v2\/product_tag?post=15654"}],"curies":[{"name":"wp","href":"https:\/\/api.w.org\/{rel}","templated":true}]}}