{"id":15666,"date":"2013-02-22T23:50:39","date_gmt":"2013-02-22T22:50:39","guid":{"rendered":"http:\/\/secondotest.finzipasca.com\/product\/book-program-of-la-verita\/"},"modified":"2019-12-19T13:56:02","modified_gmt":"2019-12-19T12:56:02","slug":"livre-programme-de-la-verita","status":"publish","type":"product","link":"https:\/\/secondotest.finzipasca.com\/fr\/produit\/livre-programme-de-la-verita\/","title":{"rendered":"Livre-programme de \u201cLa Verit\u00e0\u201d"},"content":{"rendered":"<p>Editions Notari \u2013 Gen\u00e8ve<br \/>\nhors-s\u00e9rie de la collection <em>Bibliotheca Daliniana<\/em><\/p>\n<p>photos Salvador Dal\u00ed: \u00a9 Archives Descharnes &#038; Descharnes sarl 2013<br \/>\nphotos Compagnia Finzi Pasca: \u00a9 Viviana Cangialosi<br \/>\ntextes de Salvador Dal\u00ed, Daniele Finzi Pasca, Daniel Foedus, Jennifer Whisper<br \/>\nmaquette et mise en page de Nina Viviana Cangialosi e Mass<\/p>\n<p>ISBN: 978-2-940408-71-9<br \/>\n78 pages<\/p>\n","protected":false},"excerpt":{"rendered":"<p>Editions Notari \u2013 Gen\u00e8ve hors-s\u00e9rie de la collection Bibliotheca Daliniana photos Salvador Dal\u00ed: \u00a9 Archives Descharnes &#038; Descharnes sarl 2013 photos Compagnia Finzi Pasca: \u00a9 Viviana Cangialosi textes de Salvador Dal\u00ed, Daniele Finzi Pasca, Daniel Foedus, Jennifer Whisper maquette et mise en page de Nina Viviana Cangialosi e Mass ISBN: 978-2-940408-71-9 78 pages<\/p>\n","protected":false},"featured_media":14151,"template":"","meta":{"_acf_changed":false},"product_cat":[280],"product_tag":[],"acf":[],"_links":{"self":[{"href":"https:\/\/secondotest.finzipasca.com\/fr\/wp-json\/wp\/v2\/product\/15666"}],"collection":[{"href":"https:\/\/secondotest.finzipasca.com\/fr\/wp-json\/wp\/v2\/product"}],"about":[{"href":"https:\/\/secondotest.finzipasca.com\/fr\/wp-json\/wp\/v2\/types\/product"}],"wp:featuredmedia":[{"embeddable":true,"href":"https:\/\/secondotest.finzipasca.com\/fr\/wp-json\/wp\/v2\/media\/14151"}],"wp:attachment":[{"href":"https:\/\/secondotest.finzipasca.com\/fr\/wp-json\/wp\/v2\/media?parent=15666"}],"wp:term":[{"taxonomy":"product_cat","embeddable":true,"href":"https:\/\/secondotest.finzipasca.com\/fr\/wp-json\/wp\/v2\/product_cat?post=15666"},{"taxonomy":"product_tag","embeddable":true,"href":"https:\/\/secondotest.finzipasca.com\/fr\/wp-json\/wp\/v2\/product_tag?post=15666"}],"curies":[{"name":"wp","href":"https:\/\/api.w.org\/{rel}","templated":true}]}}